{"id":759,"date":"2020-02-26T16:57:57","date_gmt":"2020-02-26T15:57:57","guid":{"rendered":"https:\/\/www.hotel-koenig-karl.de\/?page_id=759"},"modified":"2022-01-11T17:42:22","modified_gmt":"2022-01-11T16:42:22","slug":"our-hotel-rooms","status":"publish","type":"page","link":"https:\/\/www.hotel-koenig-karl.de\/en\/our-hotel-rooms\/","title":{"rendered":"Our Hotel &#038; Rooms"},"content":{"rendered":"\n  <div class=\"banner has-hover\" id=\"banner-1453595468\">\n          <div class=\"banner-inner fill\">\n        <div class=\"banner-bg fill\" >\n            <div class=\"bg fill bg-fill \"><\/div>\n                        <div class=\"overlay\"><\/div>            \n                    <\/div>\n\t\t\n        <div class=\"banner-layers container\">\n            <div class=\"fill banner-link\"><\/div>            \n        <\/div>\n      <\/div>\n\n            \n<style>\n#banner-1453595468 {\n  padding-top: 296px;\n}\n#banner-1453595468 .bg.bg-loaded {\n  background-image: url(https:\/\/www.hotel-koenig-karl.de\/cms\/wp-content\/uploads\/2019\/06\/hotel_zimmer_trailer-1400x438.jpg);\n}\n#banner-1453595468 .overlay {\n  background-color: rgba(0, 0, 0, 0.06);\n}\n#banner-1453595468 .bg {\n  background-position: 53% 78%;\n}\n#banner-1453595468 .ux-shape-divider--top svg {\n  height: 150px;\n  --divider-top-width: 100%;\n}\n#banner-1453595468 .ux-shape-divider--bottom svg {\n  height: 150px;\n  --divider-width: 100%;\n}\n<\/style>\n  <\/div>\n\n\n  <div id=\"page-header-1073415860\" class=\"page-header-wrapper\">\n  <div class=\"page-title dark featured-title\">\n\n    \n    <div class=\"page-title-inner container align-center flex-row medium-flex-wrap\" >\n              <div class=\"title-wrapper is-small flex-col text-left medium-text-center\">\n          <h1 class=\"entry-title mb-0\">\n            Our Hotel &#038; Rooms          <\/h1>\n        <\/div>\n                    <div class=\"title-content flex-col flex-right text-right medium-text-center\">\n        <div class=\"title-breadcrumbs pb-half pt-half\"><\/div>      <\/div>\n    <\/div>\n\n       <\/div>\n    <\/div>\n  \n\t<div id=\"gap-282157866\" class=\"gap-element clearfix\" style=\"display:block; height:auto;\">\n\t\t\n<style>\n#gap-282157866 {\n  padding-top: 30px;\n}\n<\/style>\n\t<\/div>\n\t\n\t<section class=\"section\" id=\"section_1308423167\">\n\t\t<div class=\"bg section-bg fill bg-fill  bg-loaded\" >\n\n\t\t\t\n\t\t\t\n\t\t\t\n\n\t\t<\/div>\n\n\t\t\n\n\t\t<div class=\"section-content relative\">\n\t\t\t\n<div class=\"row\"  id=\"row-1928683609\">\n\n\t<div id=\"col-107396726\" class=\"col medium-6 small-12 large-6\"  >\n\t\t\t\t<div class=\"col-inner\"  >\n\t\t\t\n\t\t\t\n<div class=\"container section-title-container\" ><h3 class=\"section-title section-title-normal\"><b><\/b><span class=\"section-title-main\" >Double Room incl. Breakfast<\/span><b><\/b><\/h3><\/div>\n<h5 class=\"uppercase\">100,00 \u20ac \/ NIGHT<\/h5>\n<div class=\"gem-list\">\n<ul class=\"zimmer\">\n<li>Incl. Wifi<\/li>\n<li>Incl. free parking lot<\/li>\n<li>Non-smoking rooms<\/li>\n<li>The rooms are available from 12:00 p.m.<\/li>\n<li>The room is available until 10:00 a.m. on the day of departure<\/li>\n<\/ul>\n<\/div>\n<div class=\"vc_row wpb_row vc_inner vc_row-fluid\">\n<div class=\"wpb_column vc_column_container vc_col-sm-6\">\n<div class=\"vc_column-inner \">\n<div class=\"wpb_wrapper\">\n<div class=\"wpb_text_column wpb_content_elementanwendungen2\">\n<div class=\"wpb_wrapper\">\u00a0<\/div>\n<\/div>\n<\/div>\n<\/div>\n<\/div>\n<\/div>\n<a rel=\"noopener noreferrer\" href=\"https:\/\/www.hotel-koenig-karl.de\/en\/inquiry\/\" target=\"_blank\" class=\"button primary\"  >\n  <i class=\"icon-angle-right\" aria-hidden=\"true\" ><\/i>  <span>Inquiry<\/span>\n  <\/a>\n\n\t\t<\/div>\n\t\t\t\t\t<\/div>\n\n\t\n\n\t<div id=\"col-651484019\" class=\"col medium-6 small-12 large-6\"  >\n\t\t\t\t<div class=\"col-inner\"  >\n\t\t\t\n\t\t\t\n<div class=\"slider-wrapper relative\" id=\"slider-1046719693\" >\n    <div class=\"slider slider-nav-circle slider-nav-large slider-nav-light slider-style-normal\"\n        data-flickity-options='{\n            \"cellAlign\": \"center\",\n            \"imagesLoaded\": true,\n            \"lazyLoad\": 1,\n            \"freeScroll\": false,\n            \"wrapAround\": true,\n            \"autoPlay\": 6000,\n            \"pauseAutoPlayOnHover\" : true,\n            \"prevNextButtons\": true,\n            \"contain\" : true,\n            \"adaptiveHeight\" : true,\n            \"dragThreshold\" : 10,\n            \"percentPosition\": true,\n            \"pageDots\": true,\n            \"rightToLeft\": false,\n            \"draggable\": true,\n            \"selectedAttraction\": 0.1,\n            \"parallax\" : 0,\n            \"friction\": 0.6        }'\n        >\n        \n\t<div class=\"img has-hover x md-x lg-x y md-y lg-y\" id=\"image_1472422717\">\n\t\t<a class=\"image-lightbox lightbox-gallery\" title=\"\" href=\"https:\/\/www.hotel-koenig-karl.de\/cms\/wp-content\/uploads\/2019\/06\/DSC05323_web-1199x800.jpg\">\t\t\t\t\t\t<div class=\"img-inner dark\" >\n\t\t\t<img loading=\"lazy\" decoding=\"async\" width=\"1020\" height=\"681\" src=\"https:\/\/www.hotel-koenig-karl.de\/cms\/wp-content\/uploads\/2019\/06\/DSC05323_web-1199x800.jpg\" class=\"attachment-large size-large\" alt=\"\" srcset=\"https:\/\/www.hotel-koenig-karl.de\/cms\/wp-content\/uploads\/2019\/06\/DSC05323_web-1199x800.jpg 1199w, https:\/\/www.hotel-koenig-karl.de\/cms\/wp-content\/uploads\/2019\/06\/DSC05323_web-600x400.jpg 600w, https:\/\/www.hotel-koenig-karl.de\/cms\/wp-content\/uploads\/2019\/06\/DSC05323_web-768x512.jpg 768w, https:\/\/www.hotel-koenig-karl.de\/cms\/wp-content\/uploads\/2019\/06\/DSC05323_web.jpg 1280w\" sizes=\"(max-width: 1020px) 100vw, 1020px\" \/>\t\t\t\t\t\t\n\t\t\t\t\t<\/div>\n\t\t\t\t\t\t<\/a>\t\t\n<style>\n#image_1472422717 {\n  width: 100%;\n}\n<\/style>\n\t<\/div>\n\t\n\t<div class=\"img has-hover x md-x lg-x y md-y lg-y\" id=\"image_539046387\">\n\t\t<a class=\"image-lightbox lightbox-gallery\" title=\"\" href=\"https:\/\/www.hotel-koenig-karl.de\/cms\/wp-content\/uploads\/2019\/06\/DSC05363_web-1-1199x800.jpg\">\t\t\t\t\t\t<div class=\"img-inner dark\" >\n\t\t\t<img loading=\"lazy\" decoding=\"async\" width=\"1020\" height=\"681\" src=\"https:\/\/www.hotel-koenig-karl.de\/cms\/wp-content\/uploads\/2019\/06\/DSC05363_web-1-1199x800.jpg\" class=\"attachment-large size-large\" alt=\"\" srcset=\"https:\/\/www.hotel-koenig-karl.de\/cms\/wp-content\/uploads\/2019\/06\/DSC05363_web-1-1199x800.jpg 1199w, https:\/\/www.hotel-koenig-karl.de\/cms\/wp-content\/uploads\/2019\/06\/DSC05363_web-1-600x400.jpg 600w, https:\/\/www.hotel-koenig-karl.de\/cms\/wp-content\/uploads\/2019\/06\/DSC05363_web-1-768x512.jpg 768w, https:\/\/www.hotel-koenig-karl.de\/cms\/wp-content\/uploads\/2019\/06\/DSC05363_web-1.jpg 1280w\" sizes=\"(max-width: 1020px) 100vw, 1020px\" \/>\t\t\t\t\t\t\n\t\t\t\t\t<\/div>\n\t\t\t\t\t\t<\/a>\t\t\n<style>\n#image_539046387 {\n  width: 100%;\n}\n<\/style>\n\t<\/div>\n\t\n\t<div class=\"img has-hover x md-x lg-x y md-y lg-y\" id=\"image_1669402295\">\n\t\t<a class=\"image-lightbox lightbox-gallery\" title=\"\" href=\"https:\/\/www.hotel-koenig-karl.de\/cms\/wp-content\/uploads\/2019\/06\/DSC05360_web-1-1199x800.jpg\">\t\t\t\t\t\t<div class=\"img-inner dark\" >\n\t\t\t<img loading=\"lazy\" decoding=\"async\" width=\"1020\" height=\"681\" src=\"https:\/\/www.hotel-koenig-karl.de\/cms\/wp-content\/uploads\/2019\/06\/DSC05360_web-1-1199x800.jpg\" class=\"attachment-large size-large\" alt=\"\" srcset=\"https:\/\/www.hotel-koenig-karl.de\/cms\/wp-content\/uploads\/2019\/06\/DSC05360_web-1-1199x800.jpg 1199w, https:\/\/www.hotel-koenig-karl.de\/cms\/wp-content\/uploads\/2019\/06\/DSC05360_web-1-600x400.jpg 600w, https:\/\/www.hotel-koenig-karl.de\/cms\/wp-content\/uploads\/2019\/06\/DSC05360_web-1-768x512.jpg 768w, https:\/\/www.hotel-koenig-karl.de\/cms\/wp-content\/uploads\/2019\/06\/DSC05360_web-1.jpg 1280w\" sizes=\"(max-width: 1020px) 100vw, 1020px\" \/>\t\t\t\t\t\t\n\t\t\t\t\t<\/div>\n\t\t\t\t\t\t<\/a>\t\t\n<style>\n#image_1669402295 {\n  width: 100%;\n}\n<\/style>\n\t<\/div>\n\t\n     <\/div>\n\n     <div class=\"loading-spin dark large centered\"><\/div>\n\n     \t<\/div>\n\n\n\t\t<\/div>\n\t\t\t\t\t<\/div>\n\n\t\n<\/div>\n<div class=\"row\"  id=\"row-843252876\">\n\n\t<div id=\"col-1329525789\" class=\"col medium-6 small-12 large-6\"  >\n\t\t\t\t<div class=\"col-inner\"  >\n\t\t\t\n\t\t\t\n<div class=\"wpb_text_column wpb_content_elementanwendungen2\">\n<div class=\"wpb_wrapper\">\n<p class=\"p1\"><span class=\"s1\"><b>Equipment of the room:<\/b><\/span><\/p>\n<\/div>\n<\/div>\n<div class=\"vc_row wpb_row vc_inner vc_row-fluid\">\n<div class=\"wpb_column vc_column_container vc_col-sm-6\">\n<div class=\"vc_column-inner \">\n<div class=\"wpb_wrapper\">\n<div class=\"wpb_text_column wpb_content_elementanwendungen2\">\n<div class=\"wpb_wrapper\">\n<ul class=\"ul1\">\n<li class=\"li1\"><span class=\"s2\">Double Room with residential corner<\/span><\/li>\n<li class=\"li1\"><span class=\"s2\">Modern shower<br \/><\/span><\/li>\n<li class=\"li1\"><span class=\"s2\">Good Wifi<\/span><\/li>\n<li class=\"li2\"><span class=\"s2\">Satellite TV<\/span><\/li>\n<li class=\"li1\"><span class=\"s2\">Minibar<\/span><\/li>\n<\/ul>\n<\/div>\n<\/div>\n<\/div>\n<\/div>\n<\/div>\n<\/div>\n\t\t<\/div>\n\t\t\t\t\t<\/div>\n\n\t\n\n\t<div id=\"col-1591526022\" class=\"col medium-6 small-12 large-6\"  >\n\t\t\t\t<div class=\"col-inner\"  >\n\t\t\t\n\t\t\t\n<div class=\"wpb_text_column wpb_content_elementanwendungen2\">\n<div class=\"wpb_wrapper\">\n<p class=\"p1\"><span class=\"s1\">\u00a0<\/span><\/p>\n<\/div>\n<\/div>\n<div class=\"vc_row wpb_row vc_inner vc_row-fluid\">\n<div class=\"wpb_column vc_column_container vc_col-sm-6\">\n<div class=\"vc_column-inner \">\n<div class=\"wpb_wrapper\">\n<div class=\"wpb_text_column wpb_content_elementanwendungen2\">\n<div class=\"wpb_wrapper\">\n<ul class=\"ul1\">\n<li class=\"li1\"><span class=\"s2\">Hairdryer<\/span><\/li>\n<li class=\"li1\"><span class=\"s2\">Care accessories<\/span><\/li>\n<li>Desk<\/li>\n<li>Separate beds on request<\/li>\n<\/ul>\n<\/div>\n<\/div>\n<\/div>\n<\/div>\n<\/div>\n<div class=\"wpb_column vc_column_container vc_col-sm-6\">\n<div class=\"vc_column-inner \">\n<div class=\"wpb_wrapper\">\u00a0<\/div>\n<\/div>\n<\/div>\n<\/div>\n\t\t<\/div>\n\t\t\t\t\t<\/div>\n\n\t\n<\/div>\n\t\t<\/div>\n\n\t\t\n<style>\n#section_1308423167 {\n  padding-top: 30px;\n  padding-bottom: 30px;\n}\n#section_1308423167 .ux-shape-divider--top svg {\n  height: 150px;\n  --divider-top-width: 100%;\n}\n#section_1308423167 .ux-shape-divider--bottom svg {\n  height: 150px;\n  --divider-width: 100%;\n}\n<\/style>\n\t<\/section>\n\t\n<div class=\"text-center\"><div class=\"is-divider divider clearfix\" style=\"max-width:1000px;\"><\/div><\/div>\n\t<section class=\"section\" id=\"section_453873629\">\n\t\t<div class=\"bg section-bg fill bg-fill  bg-loaded\" >\n\n\t\t\t\n\t\t\t\n\t\t\t\n\n\t\t<\/div>\n\n\t\t\n\n\t\t<div class=\"section-content relative\">\n\t\t\t\n<div class=\"row\"  id=\"row-550658455\">\n\n\t<div id=\"col-1685503516\" class=\"col medium-6 small-12 large-6\"  >\n\t\t\t\t<div class=\"col-inner\"  >\n\t\t\t\n\t\t\t\n<div class=\"slider-wrapper relative\" id=\"slider-26686507\" >\n    <div class=\"slider slider-nav-circle slider-nav-large slider-nav-light slider-style-normal\"\n        data-flickity-options='{\n            \"cellAlign\": \"center\",\n            \"imagesLoaded\": true,\n            \"lazyLoad\": 1,\n            \"freeScroll\": false,\n            \"wrapAround\": true,\n            \"autoPlay\": 6000,\n            \"pauseAutoPlayOnHover\" : true,\n            \"prevNextButtons\": true,\n            \"contain\" : true,\n            \"adaptiveHeight\" : true,\n            \"dragThreshold\" : 10,\n            \"percentPosition\": true,\n            \"pageDots\": true,\n            \"rightToLeft\": false,\n            \"draggable\": true,\n            \"selectedAttraction\": 0.1,\n            \"parallax\" : 0,\n            \"friction\": 0.6        }'\n        >\n        \n\t<div class=\"img has-hover x md-x lg-x y md-y lg-y\" id=\"image_59226586\">\n\t\t<a class=\"image-lightbox lightbox-gallery\" title=\"\" href=\"https:\/\/www.hotel-koenig-karl.de\/cms\/wp-content\/uploads\/2019\/06\/DSC05413-1-1199x800.jpg\">\t\t\t\t\t\t<div class=\"img-inner dark\" >\n\t\t\t<img loading=\"lazy\" decoding=\"async\" width=\"1020\" height=\"681\" src=\"https:\/\/www.hotel-koenig-karl.de\/cms\/wp-content\/uploads\/2019\/06\/DSC05413-1-1199x800.jpg\" class=\"attachment-large size-large\" alt=\"\" srcset=\"https:\/\/www.hotel-koenig-karl.de\/cms\/wp-content\/uploads\/2019\/06\/DSC05413-1-1199x800.jpg 1199w, https:\/\/www.hotel-koenig-karl.de\/cms\/wp-content\/uploads\/2019\/06\/DSC05413-1-600x400.jpg 600w, https:\/\/www.hotel-koenig-karl.de\/cms\/wp-content\/uploads\/2019\/06\/DSC05413-1-768x512.jpg 768w, https:\/\/www.hotel-koenig-karl.de\/cms\/wp-content\/uploads\/2019\/06\/DSC05413-1.jpg 1280w\" sizes=\"(max-width: 1020px) 100vw, 1020px\" \/>\t\t\t\t\t\t\n\t\t\t\t\t<\/div>\n\t\t\t\t\t\t<\/a>\t\t\n<style>\n#image_59226586 {\n  width: 100%;\n}\n<\/style>\n\t<\/div>\n\t\n\t<div class=\"img has-hover x md-x lg-x y md-y lg-y\" id=\"image_939536819\">\n\t\t<a class=\"image-lightbox lightbox-gallery\" title=\"\" href=\"https:\/\/www.hotel-koenig-karl.de\/cms\/wp-content\/uploads\/2019\/06\/DSC05363_web-1-1199x800.jpg\">\t\t\t\t\t\t<div class=\"img-inner dark\" >\n\t\t\t<img loading=\"lazy\" decoding=\"async\" width=\"1020\" height=\"681\" src=\"https:\/\/www.hotel-koenig-karl.de\/cms\/wp-content\/uploads\/2019\/06\/DSC05363_web-1-1199x800.jpg\" class=\"attachment-large size-large\" alt=\"\" srcset=\"https:\/\/www.hotel-koenig-karl.de\/cms\/wp-content\/uploads\/2019\/06\/DSC05363_web-1-1199x800.jpg 1199w, https:\/\/www.hotel-koenig-karl.de\/cms\/wp-content\/uploads\/2019\/06\/DSC05363_web-1-600x400.jpg 600w, https:\/\/www.hotel-koenig-karl.de\/cms\/wp-content\/uploads\/2019\/06\/DSC05363_web-1-768x512.jpg 768w, https:\/\/www.hotel-koenig-karl.de\/cms\/wp-content\/uploads\/2019\/06\/DSC05363_web-1.jpg 1280w\" sizes=\"(max-width: 1020px) 100vw, 1020px\" \/>\t\t\t\t\t\t\n\t\t\t\t\t<\/div>\n\t\t\t\t\t\t<\/a>\t\t\n<style>\n#image_939536819 {\n  width: 100%;\n}\n<\/style>\n\t<\/div>\n\t\n\t<div class=\"img has-hover x md-x lg-x y md-y lg-y\" id=\"image_1944497404\">\n\t\t<a class=\"image-lightbox lightbox-gallery\" title=\"\" href=\"https:\/\/www.hotel-koenig-karl.de\/cms\/wp-content\/uploads\/2019\/06\/DSC05400-1199x800.jpg\">\t\t\t\t\t\t<div class=\"img-inner dark\" >\n\t\t\t<img loading=\"lazy\" decoding=\"async\" width=\"1020\" height=\"681\" src=\"https:\/\/www.hotel-koenig-karl.de\/cms\/wp-content\/uploads\/2019\/06\/DSC05400-1199x800.jpg\" class=\"attachment-large size-large\" alt=\"\" srcset=\"https:\/\/www.hotel-koenig-karl.de\/cms\/wp-content\/uploads\/2019\/06\/DSC05400-1199x800.jpg 1199w, https:\/\/www.hotel-koenig-karl.de\/cms\/wp-content\/uploads\/2019\/06\/DSC05400-600x400.jpg 600w, https:\/\/www.hotel-koenig-karl.de\/cms\/wp-content\/uploads\/2019\/06\/DSC05400-768x512.jpg 768w, https:\/\/www.hotel-koenig-karl.de\/cms\/wp-content\/uploads\/2019\/06\/DSC05400.jpg 1280w\" sizes=\"(max-width: 1020px) 100vw, 1020px\" \/>\t\t\t\t\t\t\n\t\t\t\t\t<\/div>\n\t\t\t\t\t\t<\/a>\t\t\n<style>\n#image_1944497404 {\n  width: 100%;\n}\n<\/style>\n\t<\/div>\n\t\n     <\/div>\n\n     <div class=\"loading-spin dark large centered\"><\/div>\n\n     \t<\/div>\n\n\n\t\t<\/div>\n\t\t\t\t\t<\/div>\n\n\t\n\n\t<div id=\"col-1006651504\" class=\"col medium-6 small-12 large-6\"  >\n\t\t\t\t<div class=\"col-inner\"  >\n\t\t\t\n\t\t\t\n<div class=\"container section-title-container\" ><h3 class=\"section-title section-title-normal\"><b><\/b><span class=\"section-title-main\" >Single Room incl. Breakfast<\/span><b><\/b><\/h3><\/div>\n<h5 class=\"uppercase\">70,00 \u20ac \/ NIGHT<\/h5>\n<div class=\"gem-list\">\n<ul class=\"zimmer\">\n<li>Incl. Wifi<\/li>\n<li>Incl. free parking lot<\/li>\n<li>Non-smoking rooms<\/li>\n<li>The rooms are available from 12:00 p.m.<\/li>\n<li>The room is available until 10:00 a.m. on the day of departure<\/li>\n<\/ul>\n<\/div>\n<div class=\"vc_row wpb_row vc_inner vc_row-fluid\">\n<div class=\"wpb_column vc_column_container vc_col-sm-6\">\n<div class=\"vc_column-inner \">\n<div class=\"wpb_wrapper\">\n<div class=\"wpb_text_column wpb_content_elementanwendungen2\">\n<div class=\"wpb_wrapper\">\u00a0<\/div>\n<\/div>\n<\/div>\n<\/div>\n<\/div>\n<\/div>\n<a rel=\"noopener noreferrer\" href=\"https:\/\/www.hotel-koenig-karl.de\/en\/inquiry\/\" target=\"_blank\" class=\"button primary\"  >\n  <i class=\"icon-angle-right\" aria-hidden=\"true\" ><\/i>  <span>Inquiry<\/span>\n  <\/a>\n\n\t\t<\/div>\n\t\t\t\t\t<\/div>\n\n\t\n<\/div>\n<div class=\"row\"  id=\"row-797151599\">\n\n\t<div id=\"col-573070437\" class=\"col medium-6 small-12 large-6\"  >\n\t\t\t\t<div class=\"col-inner\"  >\n\t\t\t\n\t\t\t\n<div class=\"wpb_text_column wpb_content_elementanwendungen2\">\n<div class=\"wpb_wrapper\">\n<p class=\"p1\"><span class=\"s1\"><b>Ausstattung:<\/b><\/span><\/p>\n<\/div>\n<\/div>\n<div class=\"vc_row wpb_row vc_inner vc_row-fluid\">\n<div class=\"wpb_column vc_column_container vc_col-sm-6\">\n<div class=\"vc_column-inner \">\n<div class=\"wpb_wrapper\">\n<div class=\"wpb_text_column wpb_content_elementanwendungen2\">\n<div class=\"wpb_wrapper\">\n<ul class=\"ul1\">\n<li class=\"li1\"><span class=\"s2\">Single Room with residential corner<\/span><\/li>\n<li class=\"li1\"><span class=\"s2\">Modern shower<br \/><\/span><\/li>\n<li class=\"li1\"><span class=\"s2\">Good Wifi<\/span><\/li>\n<li class=\"li2\"><span class=\"s2\">Satellite TV<\/span><\/li>\n<\/ul>\n<\/div>\n<\/div>\n<\/div>\n<\/div>\n<\/div>\n<\/div>\n\t\t<\/div>\n\t\t\t\t\t<\/div>\n\n\t\n\n\t<div id=\"col-386684823\" class=\"col medium-6 small-12 large-6\"  >\n\t\t\t\t<div class=\"col-inner\"  >\n\t\t\t\n\t\t\t\n<div class=\"wpb_text_column wpb_content_elementanwendungen2\">\n<p class=\"p1\">\u00a0<\/p>\n<\/div>\n<div class=\"vc_row wpb_row vc_inner vc_row-fluid\">\n<div class=\"wpb_column vc_column_container vc_col-sm-6\">\n<div class=\"vc_column-inner \">\n<div class=\"wpb_wrapper\">\n<div class=\"wpb_text_column wpb_content_elementanwendungen2\">\n<div class=\"wpb_wrapper\">\n<ul class=\"ul1\">\n<li class=\"li1\"><span class=\"s2\">Hairdryer<\/span><\/li>\n<li class=\"li1\"><span class=\"s2\">Care accessories<\/span><\/li>\n<li>Desk<\/li>\n<li><span class=\"s2\">Minibar<\/span><\/li>\n<\/ul>\n<\/div>\n<\/div>\n<\/div>\n<\/div>\n<\/div>\n<div class=\"wpb_column vc_column_container vc_col-sm-6\">\n<div class=\"vc_column-inner \">\n<div class=\"wpb_wrapper\">\u00a0<\/div>\n<\/div>\n<\/div>\n<\/div>\n\t\t<\/div>\n\t\t\t\t\t<\/div>\n\n\t\n<\/div>\n\t\t<\/div>\n\n\t\t\n<style>\n#section_453873629 {\n  padding-top: 30px;\n  padding-bottom: 30px;\n}\n#section_453873629 .ux-shape-divider--top svg {\n  height: 150px;\n  --divider-top-width: 100%;\n}\n#section_453873629 .ux-shape-divider--bottom svg {\n  height: 150px;\n  --divider-width: 100%;\n}\n<\/style>\n\t<\/section>\n\t\n  <div id=\"page-header-1024285440\" class=\"page-header-wrapper\">\n  <div class=\"page-title dark featured-title\">\n\n    \n    <div class=\"page-title-inner container align-center flex-row medium-flex-wrap\" >\n              <div class=\"title-wrapper is-small flex-col text-left medium-text-center\">\n          <h1 class=\"entry-title mb-0\">\n            History          <\/h1>\n        <\/div>\n                    <div class=\"title-content flex-col flex-right text-right medium-text-center\">\n        <div class=\"title-breadcrumbs pb-half pt-half\"><\/div>      <\/div>\n    <\/div>\n\n       <\/div>\n    <\/div>\n  \n\t<section class=\"section\" id=\"section_187296470\">\n\t\t<div class=\"bg section-bg fill bg-fill  bg-loaded\" >\n\n\t\t\t\n\t\t\t\n\t\t\t\n\n\t\t<\/div>\n\n\t\t\n\n\t\t<div class=\"section-content relative\">\n\t\t\t\n<div class=\"row\"  id=\"row-1401749065\">\n\n\t<div id=\"col-1579376971\" class=\"col medium-3 small-12 large-3\"  >\n\t\t\t\t<div class=\"col-inner\"  >\n\t\t\t\n\t\t\t\n<p><img loading=\"lazy\" decoding=\"async\" class=\"alignnone size-medium wp-image-485\" src=\"https:\/\/www.hotel-koenig-karl.de\/cms\/wp-content\/uploads\/2019\/06\/Kooenig-Karl-Logo-v-2.0-Kopie-Kopie-298x400.jpg\" alt=\"\" width=\"298\" height=\"400\" srcset=\"https:\/\/www.hotel-koenig-karl.de\/cms\/wp-content\/uploads\/2019\/06\/Kooenig-Karl-Logo-v-2.0-Kopie-Kopie-298x400.jpg 298w, https:\/\/www.hotel-koenig-karl.de\/cms\/wp-content\/uploads\/2019\/06\/Kooenig-Karl-Logo-v-2.0-Kopie-Kopie-768x1030.jpg 768w, https:\/\/www.hotel-koenig-karl.de\/cms\/wp-content\/uploads\/2019\/06\/Kooenig-Karl-Logo-v-2.0-Kopie-Kopie-597x800.jpg 597w, https:\/\/www.hotel-koenig-karl.de\/cms\/wp-content\/uploads\/2019\/06\/Kooenig-Karl-Logo-v-2.0-Kopie-Kopie.jpg 1781w\" sizes=\"(max-width: 298px) 100vw, 298px\" \/><\/p>\n\t\t<\/div>\n\t\t\t\t\t<\/div>\n\n\t\n\n\t<div id=\"col-148752322\" class=\"col medium-9 small-12 large-9\"  >\n\t\t\t\t<div class=\"col-inner\"  >\n\t\t\t\n\t\t\t\n<div class=\"container section-title-container\" ><h3 class=\"section-title section-title-normal\"><b><\/b><span class=\"section-title-main\" >History oft he hotel\/ Karl\/ 1823-1891\/ King of W\u00fcrttemberg<\/span><b><\/b><\/h3><\/div>\n<p>On 18th January 1846 in Palermo Karl gets engaged with the 23 years old princess Olga (1822-1892), a daughter of the Russian zar \/Nikolaus J. and its wife Alexandra, a sister of the later German emperor Wilhelm J.Zarin Maria Feodorowna, the sister of king Friedrichs J., is the grandmother of the bride. On 13 July 1846 the solemnly wedding takes place in Peter Hof at Saint Petersburg. On 23 September the young couple moves to Stuttgart amidst great rejoicing. In Stuttgart the crown prince couple builds the mansion mountain as their domicile, 1863 the crown princess took the mansion mountain as her domicile. 1863 the crown princess accepted its niece Wera, a daughter of the large prince Konstantin of Russia, as her child. The marriage of King Karl remains childless &#8211; probably because of his late outcropping homosexuality.<\/p>\n<p>After the death of his father on 25 June 1864 Karl became king of W\u00fcrttemberg and was enthroned on 12 July 1864. On 24 December 1864 king Karl re-establishes the liberty of the press and simplistic freedom, which were restricted under his father.<br \/>\n1866 W\u00fcrttemberg accepts the dissolution of the German federation and concludes &#8211; like other South German central states &#8211; a secret protection and offensive alliance with Prussians, which become public 1867, anyway the yard, the government and from the people an anti-Prussian attitude was represented.<BR><br \/>\nOn 26th March 1868 the general, same, direct and secret right to vote for the people\u00b4s deputies of the second chamber were established.<\/p>\n<p>At the end of June 1870 zar Alexander of Russia (the brother of queen Olga) visits the kings couple in Stuttgart. At the end of October the king withdraws himself to Friedrichshafen. In November W\u00fcrttemberg joins the North German Confederation (and thus the new empire) as last country. 1871 W\u00fcrttemberg become a Federal State of the German Reich, a substantial restriction of the W\u00fcrttembergian sovereignty is the result. W\u00fcrttemberg loses its past international position, but wins a larger security inward and outward. Financial autonomy, cultural care and railway administration remain in W\u00fcrttembergian hand, just as its own military administration, its own post office and telegraphy. The spritistax on wine is acknowledged to W\u00fcrttemberg until 1887.<\/p>\n<p>In 1876 the former Minister of Finance Hermann von Mittnacht (1825-1909) becomes the Prime Minister. In 1888 the homosexuals inclination of the king leads to a scandal, king Karl named his friend (an American named Charles Woodcock) to the chamberlain and raised him even to a baron Savage, king Karl separate from his friend at the end of November in Nice due to the public criticism.<br \/>\n1891 Karl return to Stuttgart critically ill from his usual summer stays in Friedrichshafen and Bebenhausen on 3 October and die on 6 October. One year later, on 30 October 1892 queen Olga dies and is burried beside king Karl in the grave of the castle church.<\/p>\n\t\t<\/div>\n\t\t\t\t\t<\/div>\n\n\t\n<\/div>\n\t\t<\/div>\n\n\t\t\n<style>\n#section_187296470 {\n  padding-top: 30px;\n  padding-bottom: 30px;\n}\n#section_187296470 .ux-shape-divider--top svg {\n  height: 150px;\n  --divider-top-width: 100%;\n}\n#section_187296470 .ux-shape-divider--bottom svg {\n  height: 150px;\n  --divider-width: 100%;\n}\n<\/style>\n\t<\/section>\n\t","protected":false},"excerpt":{"rendered":"","protected":false},"author":1,"featured_media":0,"parent":0,"menu_order":18,"comment_status":"closed","ping_status":"closed","template":"page-blank.php","meta":{"footnotes":""},"_links":{"self":[{"href":"https:\/\/www.hotel-koenig-karl.de\/en\/wp-json\/wp\/v2\/pages\/759"}],"collection":[{"href":"https:\/\/www.hotel-koenig-karl.de\/en\/wp-json\/wp\/v2\/pages"}],"about":[{"href":"https:\/\/www.hotel-koenig-karl.de\/en\/wp-json\/wp\/v2\/types\/page"}],"author":[{"embeddable":true,"href":"https:\/\/www.hotel-koenig-karl.de\/en\/wp-json\/wp\/v2\/users\/1"}],"replies":[{"embeddable":true,"href":"https:\/\/www.hotel-koenig-karl.de\/en\/wp-json\/wp\/v2\/comments?post=759"}],"version-history":[{"count":11,"href":"https:\/\/www.hotel-koenig-karl.de\/en\/wp-json\/wp\/v2\/pages\/759\/revisions"}],"predecessor-version":[{"id":870,"href":"https:\/\/www.hotel-koenig-karl.de\/en\/wp-json\/wp\/v2\/pages\/759\/revisions\/870"}],"wp:attachment":[{"href":"https:\/\/www.hotel-koenig-karl.de\/en\/wp-json\/wp\/v2\/media?parent=759"}],"curies":[{"name":"wp","href":"https:\/\/api.w.org\/{rel}","templated":true}]}}